{"id":722,"date":"2026-04-07T13:10:46","date_gmt":"2026-04-07T13:10:46","guid":{"rendered":"https:\/\/mneli.ee\/?post_type=product&#038;p=722"},"modified":"2026-04-07T18:42:26","modified_gmt":"2026-04-07T18:42:26","slug":"m-neli-g2","status":"publish","type":"product","link":"https:\/\/mneli.ee\/?product=m-neli-g2","title":{"rendered":"M Neli G2"},"content":{"rendered":"<p>M Neli G2 \u00fcks silmapaistvamaid omadusi on selle v\u00f5imas 800W mootor, mis tagab piisava p\u00f6\u00f6rdemomendi ja kiire kiirenduse ning v\u00f5imaldab saavutada tippkiiruseks kuni 25 km\/h. T\u00f5ukeratta mahukas 48V\/15Ah liitiumioonaku v\u00f5imaldab \u00fche laadimisega l\u00e4bida kuni 55 km ning laeb t\u00e4is 6\u20138 tunniga, tehes sellest usaldusv\u00e4\u00e4rse valiku ka pikemateks s\u00f5itudeks. Selline kiiruse ja s\u00f5iduulatuse kooslus muudab M Neli G2 suurep\u00e4raseks valikuks neile, kes hindavad nii t\u00f5husust kui ka seikluslikku s\u00f5iduelamust.<\/p>\n","protected":false},"excerpt":{"rendered":"<p>M Neli G2 \u00fcks silmapaistvamaid omadusi on selle v\u00f5imas 800W mootor, mis tagab piisava p\u00f6\u00f6rdemomendi ja kiire kiirenduse ning v\u00f5imaldab [&hellip;]<\/p>\n","protected":false},"featured_media":723,"template":"","meta":{"_angie_page":false,"site-sidebar-layout":"default","site-content-layout":"","ast-site-content-layout":"default","site-content-style":"default","site-sidebar-style":"default","ast-global-header-display":"","ast-banner-title-visibility":"","ast-main-header-display":"","ast-hfb-above-header-display":"","ast-hfb-below-header-display":"","ast-hfb-mobile-header-display":"","site-post-title":"","ast-breadcrumbs-content":"","ast-featured-img":"","footer-sml-layout":"","ast-disable-related-posts":"","theme-transparent-header-meta":"default","adv-header-id-meta":"","stick-header-meta":"","header-above-stick-meta":"","header-main-stick-meta":"","header-below-stick-meta":"","astra-migrate-meta-layouts":"set","ast-page-background-enabled":"default","ast-page-background-meta":{"desktop":{"background-color":"var(--ast-global-color-5)","background-image":"","background-repeat":"repeat","background-position":"center center","background-size":"auto","background-attachment":"scroll","background-type":"","background-media":"","overlay-type":"","overlay-color":"","overlay-opacity":"","overlay-gradient":""},"tablet":{"background-color":"","background-image":"","background-repeat":"repeat","background-position":"center center","background-size":"auto","background-attachment":"scroll","background-type":"","background-media":"","overlay-type":"","overlay-color":"","overlay-opacity":"","overlay-gradient":""},"mobile":{"background-color":"","background-image":"","background-repeat":"repeat","background-position":"center center","background-size":"auto","background-attachment":"scroll","background-type":"","background-media":"","overlay-type":"","overlay-color":"","overlay-opacity":"","overlay-gradient":""}},"ast-content-background-meta":{"desktop":{"background-color":"var(--ast-global-color-4)","background-image":"","background-repeat":"repeat","background-position":"center center","background-size":"auto","background-attachment":"scroll","background-type":"","background-media":"","overlay-type":"","overlay-color":"","overlay-opacity":"","overlay-gradient":""},"tablet":{"background-color":"var(--ast-global-color-4)","background-image":"","background-repeat":"repeat","background-position":"center center","background-size":"auto","background-attachment":"scroll","background-type":"","background-media":"","overlay-type":"","overlay-color":"","overlay-opacity":"","overlay-gradient":""},"mobile":{"background-color":"var(--ast-global-color-4)","background-image":"","background-repeat":"repeat","background-position":"center center","background-size":"auto","background-attachment":"scroll","background-type":"","background-media":"","overlay-type":"","overlay-color":"","overlay-opacity":"","overlay-gradient":""}}},"product_brand":[],"product_cat":[26],"product_tag":[],"class_list":{"0":"post-722","1":"product","2":"type-product","3":"status-publish","4":"has-post-thumbnail","6":"product_cat-elektritoukerattad","7":"desktop-align-left","8":"tablet-align-left","9":"mobile-align-left","11":"first","12":"instock","13":"shipping-taxable","14":"purchasable","15":"product-type-simple"},"_links":{"self":[{"href":"https:\/\/mneli.ee\/index.php?rest_route=\/wp\/v2\/product\/722","targetHints":{"allow":["GET"]}}],"collection":[{"href":"https:\/\/mneli.ee\/index.php?rest_route=\/wp\/v2\/product"}],"about":[{"href":"https:\/\/mneli.ee\/index.php?rest_route=\/wp\/v2\/types\/product"}],"wp:featuredmedia":[{"embeddable":true,"href":"https:\/\/mneli.ee\/index.php?rest_route=\/wp\/v2\/media\/723"}],"wp:attachment":[{"href":"https:\/\/mneli.ee\/index.php?rest_route=%2Fwp%2Fv2%2Fmedia&parent=722"}],"wp:term":[{"taxonomy":"product_brand","embeddable":true,"href":"https:\/\/mneli.ee\/index.php?rest_route=%2Fwp%2Fv2%2Fproduct_brand&post=722"},{"taxonomy":"product_cat","embeddable":true,"href":"https:\/\/mneli.ee\/index.php?rest_route=%2Fwp%2Fv2%2Fproduct_cat&post=722"},{"taxonomy":"product_tag","embeddable":true,"href":"https:\/\/mneli.ee\/index.php?rest_route=%2Fwp%2Fv2%2Fproduct_tag&post=722"}],"curies":[{"name":"wp","href":"https:\/\/api.w.org\/{rel}","templated":true}]}}